{"id":15305,"date":"2024-06-19T08:15:47","date_gmt":"2024-06-19T14:15:47","guid":{"rendered":"https:\/\/gsb.lat\/?page_id=15305"},"modified":"2025-09-18T12:14:09","modified_gmt":"2025-09-18T18:14:09","slug":"privacy-notice","status":"publish","type":"page","link":"https:\/\/gsb.lat\/en\/privacy-notice\/","title":{"rendered":"Privacy Notice"},"content":{"rendered":"\t\t<div data-elementor-type=\"wp-page\" data-elementor-id=\"15305\" class=\"elementor elementor-15305 elementor-15304\" data-elementor-post-type=\"page\">\n\t\t\t\t\t\t<section class=\"elementor-section elementor-top-section elementor-element elementor-element-29832a8 elementor-section-height-min-height elementor-section-boxed elementor-section-height-default elementor-section-items-middle\" data-id=\"29832a8\" data-element_type=\"section\" data-settings=\"{&quot;background_background&quot;:&quot;classic&quot;}\">\n\t\t\t\t\t\t\t<div class=\"elementor-background-overlay\"><\/div>\n\t\t\t\t\t\t\t<div class=\"elementor-container elementor-column-gap-default\">\n\t\t\t\t\t<div class=\"elementor-column elementor-col-100 elementor-top-column elementor-element elementor-element-17106ff\" data-id=\"17106ff\" data-element_type=\"column\">\n\t\t\t<div class=\"elementor-widget-wrap elementor-element-populated\">\n\t\t\t\t\t\t\t<\/div>\n\t\t<\/div>\n\t\t\t\t\t<\/div>\n\t\t<\/section>\n\t\t\t\t<section class=\"elementor-section elementor-top-section elementor-element elementor-element-71a7ae7b elementor-section-boxed elementor-section-height-default elementor-section-height-default\" data-id=\"71a7ae7b\" data-element_type=\"section\">\n\t\t\t\t\t\t<div class=\"elementor-container elementor-column-gap-default\">\n\t\t\t\t\t<div class=\"elementor-column elementor-col-100 elementor-top-column elementor-element elementor-element-685717c2\" data-id=\"685717c2\" data-element_type=\"column\">\n\t\t\t<div class=\"elementor-widget-wrap elementor-element-populated\">\n\t\t\t\t\t\t<div class=\"elementor-element elementor-element-234d5963 elementor-widget elementor-widget-text-editor\" data-id=\"234d5963\" data-element_type=\"widget\" data-widget_type=\"text-editor.default\">\n\t\t\t\t<div class=\"elementor-widget-container\">\n\t\t\t\t\t\t\t\t\t<div><p style=\"text-align: justify;\"><span lang=\"ES-MX\" style=\"font-family: 'Segoe UI',sans-serif;\">GSB Solutions and its subsidiaries in other countries, are responsible for the processing of personal data, being the parent company located at Av. Baja California # 245-1101, Colonia Hip\u00f3dromo Condesa, Alcald\u00eda Cuauht\u00e9moc, Postal Code 06170 in CDMX, M\u00e9xico.<\/span><\/p><p style=\"text-align: justify;\"><span lang=\"ES-MX\" style=\"font-family: 'Segoe UI',sans-serif;\">Personal data will be treated in accordance with the purposes set forth in this privacy notice, respecting at all times the applicable legal provisions. For more information about the processing of your personal data, you can contact us at <\/span><span lang=\"ES-MX\"><a href=\"mailto:contacto@gsb.lat\"><span style=\"font-family: 'Segoe UI',sans-serif;\">contacto@gsb.lat<\/span><\/a>.<\/span><\/p><p style=\"text-align: justify;\"><b style=\"background-color: rgba(255, 255, 255, 0); color: var(--the7-base-color); letter-spacing: var(--the7-base-letter-spacing); text-transform: var(--the7-base-text-transform); word-spacing: normal;\"><span lang=\"es-419\" style=\"font-family: 'Segoe UI',sans-serif; mso-ansi-language: #580A;\">Purposes of Data Processing,<\/span><\/b><span lang=\"es-419\" style=\"background-color: rgba(255, 255, 255, 0); color: var(--the7-base-color); letter-spacing: var(--the7-base-letter-spacing); text-transform: var(--the7-base-text-transform); word-spacing: normal; font-family: 'Segoe UI', sans-serif;\"> the personal data that we collect from you will be used for the following purposes, which are necessary for us to establish our relationship with you and fulfill the services and\/or orders you request:<\/span><\/p><ul><li><span style=\"font-family: 'Segoe UI', sans-serif; text-align: justify; background-color: rgba(255, 255, 255, 0); color: var(--the7-base-color); letter-spacing: var(--the7-base-letter-spacing); text-transform: var(--the7-base-text-transform); word-spacing: normal;\">Delivery of services, products, consulting and training in Information and Communication Technologies.<\/span><\/li><li><span style=\"font-family: 'Segoe UI', sans-serif; text-align: justify; background-color: rgba(255, 255, 255, 0); color: var(--the7-base-color); letter-spacing: var(--the7-base-letter-spacing); text-transform: var(--the7-base-text-transform); word-spacing: normal;\">Acquisition of Information and Communication Technology products.<\/span><\/li><li><span style=\"font-family: 'Segoe UI', sans-serif; text-align: justify; background-color: rgba(255, 255, 255, 0); color: var(--the7-base-color); letter-spacing: var(--the7-base-letter-spacing); text-transform: var(--the7-base-text-transform); word-spacing: normal;\">Recruitment, selection and hiring of personnel and suppliers for the delivery of services and products.<\/span><\/li><\/ul><p style=\"text-align: justify;\"><b><span lang=\"es-419\" style=\"font-family: 'Segoe UI',sans-serif; mso-ansi-language: #580A;\">Personal Data We Collect,<\/span><\/b><span lang=\"es-419\" style=\"font-family: 'Segoe UI',sans-serif; mso-ansi-language: #580A;\">to carry out the purposes described in this privacy notice, we collect the following personal data:<\/span><\/p><ul><li><span style=\"font-family: 'Segoe UI', sans-serif; text-align: justify; background-color: rgba(255, 255, 255, 0); color: var(--the7-base-color); letter-spacing: var(--the7-base-letter-spacing); text-transform: var(--the7-base-text-transform); word-spacing: normal;\">Full Name<\/span><\/li><li><span style=\"font-family: 'Segoe UI', sans-serif; text-align: justify; background-color: rgba(255, 255, 255, 0); color: var(--the7-base-color); letter-spacing: var(--the7-base-letter-spacing); text-transform: var(--the7-base-text-transform); word-spacing: normal;\">Address<\/span><\/li><li><span style=\"font-family: 'Segoe UI', sans-serif; text-align: justify; background-color: rgba(255, 255, 255, 0); color: var(--the7-base-color); letter-spacing: var(--the7-base-letter-spacing); text-transform: var(--the7-base-text-transform); word-spacing: normal;\">Office Phone Number<\/span><\/li><li><span style=\"font-family: 'Segoe UI', sans-serif; text-align: justify; background-color: rgba(255, 255, 255, 0); color: var(--the7-base-color); letter-spacing: var(--the7-base-letter-spacing); text-transform: var(--the7-base-text-transform); word-spacing: normal;\">Cellular Number<\/span><\/li><li><span style=\"font-family: 'Segoe UI', sans-serif; text-align: justify; background-color: rgba(255, 255, 255, 0); color: var(--the7-base-color); letter-spacing: var(--the7-base-letter-spacing); text-transform: var(--the7-base-text-transform); word-spacing: normal;\">E-mail address<\/span><\/li><\/ul><p style=\"text-align: justify;\"><b><span lang=\"es-419\" style=\"font-family: 'Segoe UI',sans-serif; mso-ansi-language: #580A;\">Sharing of Personal Data,<\/span><\/b><span lang=\"es-419\" style=\"font-family: 'Segoe UI',sans-serif; mso-ansi-language: #580A;\"> <span data-olk-copy-source=\"MessageBody\">Your personal data will not be shared without your written authorization and may only be shared if necessary with clients or internal staff involved in projects with you.<\/span><\/span><\/p><p style=\"text-align: justify;\"><b><span lang=\"es-419\" style=\"font-family: 'Segoe UI',sans-serif; mso-ansi-language: #580A;\">Data Protection Rights,<\/span><\/b><span lang=\"es-419\" style=\"font-family: 'Segoe UI',sans-serif; mso-ansi-language: #580A;\"> you have data protection rights that may vary depending on the legislation of each country, including, among others:<\/span><\/p><ul style=\"margin-top: 0cm;\" type=\"disc\"><li style=\"margin-bottom: 0cm; text-align: justify; mso-list: l2 level1 lfo4; tab-stops: list 36.0pt;\"><span lang=\"es-419\" style=\"font-family: 'Segoe UI',sans-serif; mso-ansi-language: #580A;\">Right of Access: You may request information about the personal data we hold about you.<\/span><\/li><li style=\"margin-bottom: 0cm; text-align: justify; mso-list: l2 level1 lfo4; tab-stops: list 36.0pt;\"><span lang=\"es-419\" style=\"font-family: 'Segoe UI',sans-serif; mso-ansi-language: #580A;\">Right of Rectification: You may request the correction of inaccurate or incomplete personal data.<\/span><\/li><li style=\"margin-bottom: 0cm; text-align: justify; mso-list: l2 level1 lfo4; tab-stops: list 36.0pt;\"><span lang=\"es-419\" style=\"font-family: 'Segoe UI',sans-serif; mso-ansi-language: #580A;\">Right of Cancellation: You may request the deletion of your personal data when they are no longer necessary for the purposes for which they were collected.<\/span><\/li><li style=\"margin-bottom: 0cm; text-align: justify; mso-list: l2 level1 lfo4; tab-stops: list 36.0pt;\"><span lang=\"es-419\" style=\"font-family: 'Segoe UI',sans-serif; mso-ansi-language: #580A;\">Right to object: You may object to the processing of your personal data in certain circumstances.<\/span><\/li><\/ul><p style=\"text-align: justify;\"><span style=\"background-color: rgba(255, 255, 255, 0);\"><span style=\"font-family: Segoe UI, sans-serif;\"><b>Exercise of Rights<\/b><\/span><\/span><b><span lang=\"es-419\" style=\"font-family: 'Segoe UI',sans-serif; mso-ansi-language: #580A;\">,\u00a0<\/span><\/b><span lang=\"es-419\"><span style=\"font-family: Segoe UI, sans-serif;\">to exercise any of these rights, or to obtain more information about how we treat your personal data, you may contact us by e-mail at\u00a0<\/span><\/span><span lang=\"ES-MX\"><a href=\"mailto:contacto@gsb.lat\"><span lang=\"es-419\" style=\"font-family: 'Segoe UI',sans-serif; mso-ansi-language: #580A;\">contacto@gsb.lat<\/span><\/a><\/span><span lang=\"es-419\" style=\"font-family: 'Segoe UI',sans-serif; mso-ansi-language: #580A;\">. We are committed to respond to your request within a reasonable time and in accordance with<br \/>applicable laws.<\/span><\/p><p style=\"text-align: justify;\"><b><span lang=\"es-419\" style=\"font-family: 'Segoe UI',sans-serif; mso-ansi-language: #580A;\">Changes to the Privacy Notice,<\/span><\/b><span lang=\"es-419\" style=\"font-family: 'Segoe UI',sans-serif; mso-ansi-language: #580A;\"> this privacy notice may be modified from time to time due to changes in our business model or other causes. Any modification will be communicated through the e-mail address provided by you.<\/span><\/p><p style=\"text-align: justify;\"><span lang=\"es-419\"><span style=\"font-family: 'Segoe UI', sans-serif; font-weight: bold; background-color: rgba(255, 255, 255, 0); color: var(--the7-base-color); letter-spacing: var(--the7-base-letter-spacing); text-transform: var(--the7-base-text-transform); word-spacing: normal;\">Contact,\u00a0<\/span><span style=\"font-family: Segoe UI, sans-serif;\">for any questions or comments regarding the processing of your personal data, please contact us at:<\/span><\/span><\/p><ul style=\"margin-top: 0cm;\" type=\"disc\"><li><span style=\"font-family: 'Segoe UI', sans-serif; background-color: rgba(255, 255, 255, 0); color: var(--the7-base-color); letter-spacing: var(--the7-base-letter-spacing); text-transform: var(--the7-base-text-transform); word-spacing: normal;\">Legal Department, GSB Solutions<\/span><\/li><li style=\"margin-bottom: 0cm; text-align: justify; mso-list: l0 level1 lfo5; tab-stops: list 36.0pt;\"><span lang=\"es-419\" style=\"font-family: 'Segoe UI',sans-serif; mso-ansi-language: #580A;\">Av. Baja California # 245 piso 11, Colonia<br \/>Hip\u00f3dromo Condesa, Alcald\u00eda de Cuauht\u00e9moc, P.C. 06170, Ciudad de M\u00e9xico,<br \/>Mexico<\/span><\/li><li style=\"margin-bottom: 0cm; text-align: justify; mso-list: l0 level1 lfo5; tab-stops: list 36.0pt;\"><span lang=\"es-419\" style=\"font-family: 'Segoe UI',sans-serif; mso-ansi-language: #580A;\">Phone: <a href=\"tel:+525594629909\">+52 55 9462 9909<\/a><\/span><\/li><li style=\"margin-bottom: 0cm; text-align: justify; mso-list: l0 level1 lfo5; tab-stops: list 36.0pt;\"><span lang=\"es-419\" style=\"font-family: 'Segoe UI',sans-serif; mso-ansi-language: #580A;\">E-mail: <\/span><span lang=\"ES-MX\"><a href=\"mailto:contacto@gsb.lat\"><span lang=\"es-419\" style=\"font-family: 'Segoe UI',sans-serif; mso-ansi-language: #580A;\">contacto@gsb.lat<\/span><\/a><\/span><\/li><\/ul><p style=\"text-align: right;\">Last update<br \/>19\/06\/2024<\/p><\/div>\t\t\t\t\t\t\t\t<\/div>\n\t\t\t\t<\/div>\n\t\t\t\t\t<\/div>\n\t\t<\/div>\n\t\t\t\t\t<\/div>\n\t\t<\/section>\n\t\t\t\t<\/div>\n\t\t","protected":false},"excerpt":{"rendered":"<p>GSB Solutions and its subsidiaries in other countries, are responsible for the processing of personal data, being the parent company located at Av. Baja California # 245-1101, Colonia Hip\u00f3dromo Condesa, Alcald\u00eda Cuauht\u00e9moc, Postal Code 06170 in CDMX, M\u00e9xico. Personal data will be treated in accordance with the purposes set forth in this privacy notice, respecting&hellip;<\/p>\n","protected":false},"author":2,"featured_media":0,"parent":0,"menu_order":0,"comment_status":"closed","ping_status":"closed","template":"","meta":{"footnotes":""},"class_list":["post-15305","page","type-page","status-publish","hentry"],"_links":{"self":[{"href":"https:\/\/gsb.lat\/en\/wp-json\/wp\/v2\/pages\/15305","targetHints":{"allow":["GET"]}}],"collection":[{"href":"https:\/\/gsb.lat\/en\/wp-json\/wp\/v2\/pages"}],"about":[{"href":"https:\/\/gsb.lat\/en\/wp-json\/wp\/v2\/types\/page"}],"author":[{"embeddable":true,"href":"https:\/\/gsb.lat\/en\/wp-json\/wp\/v2\/users\/2"}],"replies":[{"embeddable":true,"href":"https:\/\/gsb.lat\/en\/wp-json\/wp\/v2\/comments?post=15305"}],"version-history":[{"count":61,"href":"https:\/\/gsb.lat\/en\/wp-json\/wp\/v2\/pages\/15305\/revisions"}],"predecessor-version":[{"id":17956,"href":"https:\/\/gsb.lat\/en\/wp-json\/wp\/v2\/pages\/15305\/revisions\/17956"}],"wp:attachment":[{"href":"https:\/\/gsb.lat\/en\/wp-json\/wp\/v2\/media?parent=15305"}],"curies":[{"name":"wp","href":"https:\/\/api.w.org\/{rel}","templated":true}]}}