{"id":11217,"date":"2022-12-16T17:43:54","date_gmt":"2022-12-16T23:43:54","guid":{"rendered":"https:\/\/gsb.lat\/ross\/"},"modified":"2023-09-13T14:58:19","modified_gmt":"2023-09-13T19:58:19","slug":"ross","status":"publish","type":"page","link":"https:\/\/gsb.lat\/pt\/ross\/","title":{"rendered":"ROSS"},"content":{"rendered":"\t\t<div data-elementor-type=\"wp-page\" data-elementor-id=\"11217\" class=\"elementor elementor-11217 elementor-7950\" data-elementor-post-type=\"page\">\n\t\t\t\t\t\t<section class=\"elementor-section elementor-top-section elementor-element elementor-element-a9f6d06 elementor-section-height-min-height elementor-section-boxed elementor-section-height-default elementor-section-items-middle\" data-id=\"a9f6d06\" data-element_type=\"section\" data-settings=\"{&quot;background_background&quot;:&quot;classic&quot;}\">\n\t\t\t\t\t\t\t<div class=\"elementor-background-overlay\"><\/div>\n\t\t\t\t\t\t\t<div class=\"elementor-container elementor-column-gap-default\">\n\t\t\t\t\t<div class=\"elementor-column elementor-col-100 elementor-top-column elementor-element elementor-element-31e86e6d\" data-id=\"31e86e6d\" data-element_type=\"column\">\n\t\t\t<div class=\"elementor-widget-wrap elementor-element-populated\">\n\t\t\t\t\t\t<div class=\"elementor-element elementor-element-60f96c4a elementor-widget elementor-widget-heading\" data-id=\"60f96c4a\" data-element_type=\"widget\" data-widget_type=\"heading.default\">\n\t\t\t\t<div class=\"elementor-widget-container\">\n\t\t\t\t\t<h1 class=\"elementor-heading-title elementor-size-default\">ROSS<br>Responsabilidade Organizacional e Solidariedade Social<\/h1>\t\t\t\t<\/div>\n\t\t\t\t<\/div>\n\t\t\t\t\t<\/div>\n\t\t<\/div>\n\t\t\t\t\t<\/div>\n\t\t<\/section>\n\t\t\t\t<section class=\"elementor-section elementor-top-section elementor-element elementor-element-4018dcb0 elementor-section-boxed elementor-section-height-default elementor-section-height-default\" data-id=\"4018dcb0\" data-element_type=\"section\">\n\t\t\t\t\t\t<div class=\"elementor-container elementor-column-gap-wide\">\n\t\t\t\t\t<div class=\"elementor-column elementor-col-50 elementor-top-column elementor-element elementor-element-4c3cab58\" data-id=\"4c3cab58\" data-element_type=\"column\">\n\t\t\t<div class=\"elementor-widget-wrap elementor-element-populated\">\n\t\t\t\t\t\t<div class=\"elementor-element elementor-element-5a95deff elementor-widget elementor-widget-heading\" data-id=\"5a95deff\" data-element_type=\"widget\" data-widget_type=\"heading.default\">\n\t\t\t\t<div class=\"elementor-widget-container\">\n\t\t\t\t\t<h2 class=\"elementor-heading-title elementor-size-default\">Quem somos n\u00f3s?<\/h2>\t\t\t\t<\/div>\n\t\t\t\t<\/div>\n\t\t\t\t<div class=\"elementor-element elementor-element-2daf964b elementor-widget elementor-widget-text-editor\" data-id=\"2daf964b\" data-element_type=\"widget\" data-widget_type=\"text-editor.default\">\n\t\t\t\t<div class=\"elementor-widget-container\">\n\t\t\t\t\t\t\t\t\t<p>A \u00e1rea de Responsabilidade Organizacional e Solidariedade Social nasceu da necessidade de contribuir e envolver o GSB na comunidade, bem como de promover a identifica\u00e7\u00e3o com a empresa, a comunica\u00e7\u00e3o positiva entre os membros do GSB e o crescimento tanto dos funcion\u00e1rios como da empresa.<\/p>\n\t\t\t\t\t\t\t\t<\/div>\n\t\t\t\t<\/div>\n\t\t\t\t\t<\/div>\n\t\t<\/div>\n\t\t\t\t<div class=\"elementor-column elementor-col-50 elementor-top-column elementor-element elementor-element-4b1dae0\" data-id=\"4b1dae0\" data-element_type=\"column\">\n\t\t\t<div class=\"elementor-widget-wrap elementor-element-populated\">\n\t\t\t\t\t\t<div class=\"elementor-element elementor-element-2929e9d elementor-widget elementor-widget-heading\" data-id=\"2929e9d\" data-element_type=\"widget\" data-widget_type=\"heading.default\">\n\t\t\t\t<div class=\"elementor-widget-container\">\n\t\t\t\t\t<h2 class=\"elementor-heading-title elementor-size-default\">Os nossos objetivos<\/h2>\t\t\t\t<\/div>\n\t\t\t\t<\/div>\n\t\t\t\t<div class=\"elementor-element elementor-element-0ecaf29 elementor-widget elementor-widget-text-editor\" data-id=\"0ecaf29\" data-element_type=\"widget\" data-widget_type=\"text-editor.default\">\n\t\t\t\t<div class=\"elementor-widget-container\">\n\t\t\t\t\t\t\t\t\t<ul>\n<li>Envolvimento do GSB na comunidade atrav\u00e9s de projetos sociais<\/li>\n<li>Incentivar o desenvolvimento, a identifica\u00e7\u00e3o com a empresa e a comunica\u00e7\u00e3o positiva entre os funcion\u00e1rios do GSB.<\/li>\n<li>Aumentar o crescimento do GSB, atrav\u00e9s de alian\u00e7as estrat\u00e9gicas com outras empresas.<\/li>\n<\/ul>\n\t\t\t\t\t\t\t\t<\/div>\n\t\t\t\t<\/div>\n\t\t\t\t\t<\/div>\n\t\t<\/div>\n\t\t\t\t\t<\/div>\n\t\t<\/section>\n\t\t\t\t<section class=\"elementor-section elementor-top-section elementor-element elementor-element-3445f29 elementor-section-boxed elementor-section-height-default elementor-section-height-default\" data-id=\"3445f29\" data-element_type=\"section\">\n\t\t\t\t\t\t<div class=\"elementor-container elementor-column-gap-default\">\n\t\t\t\t\t<div class=\"elementor-column elementor-col-50 elementor-top-column elementor-element elementor-element-26d4b7e\" data-id=\"26d4b7e\" data-element_type=\"column\" data-settings=\"{&quot;background_background&quot;:&quot;classic&quot;}\">\n\t\t\t<div class=\"elementor-widget-wrap elementor-element-populated\">\n\t\t\t\t\t\t<div class=\"elementor-element elementor-element-b45b294 elementor-widget elementor-widget-heading\" data-id=\"b45b294\" data-element_type=\"widget\" data-widget_type=\"heading.default\">\n\t\t\t\t<div class=\"elementor-widget-container\">\n\t\t\t\t\t<h2 class=\"elementor-heading-title elementor-size-default\">Principais fun\u00e7\u00f5es da \u00e1rea<\/h2>\t\t\t\t<\/div>\n\t\t\t\t<\/div>\n\t\t\t\t<div class=\"elementor-element elementor-element-c1310c6 elementor-widget elementor-widget-text-editor\" data-id=\"c1310c6\" data-element_type=\"widget\" data-widget_type=\"text-editor.default\">\n\t\t\t\t<div class=\"elementor-widget-container\">\n\t\t\t\t\t\t\t\t\t<ul>\n<li>Cria\u00e7\u00e3o de novos projetos organizacionais e sociais<\/li>\n<li>Acompanhamento e melhoria dos projectos organizacionais e sociais existentes<\/li>\n<li>Recrutamento de fornecedores<\/li>\n<li>Cria\u00e7\u00e3o de parcerias com empresas<\/li>\n<\/ul>\n\t\t\t\t\t\t\t\t<\/div>\n\t\t\t\t<\/div>\n\t\t\t\t\t<\/div>\n\t\t<\/div>\n\t\t\t\t<div class=\"elementor-column elementor-col-50 elementor-top-column elementor-element elementor-element-68bb191\" data-id=\"68bb191\" data-element_type=\"column\">\n\t\t\t<div class=\"elementor-widget-wrap elementor-element-populated\">\n\t\t\t\t\t\t<div class=\"elementor-element elementor-element-733a25f elementor-widget elementor-widget-image\" data-id=\"733a25f\" data-element_type=\"widget\" data-widget_type=\"image.default\">\n\t\t\t\t<div class=\"elementor-widget-container\">\n\t\t\t\t\t\t\t\t\t\t\t\t\t\t\t<img fetchpriority=\"high\" decoding=\"async\" width=\"600\" height=\"168\" src=\"https:\/\/gsb.lat\/wp-content\/uploads\/2023\/02\/Imagen-principal-de-ROSS-area-importante-de-GSB.jpg\" class=\"attachment-large size-large wp-image-11132\" alt=\"\" srcset=\"https:\/\/gsb.lat\/wp-content\/uploads\/2023\/02\/Imagen-principal-de-ROSS-area-importante-de-GSB.jpg 600w, https:\/\/gsb.lat\/wp-content\/uploads\/2023\/02\/Imagen-principal-de-ROSS-area-importante-de-GSB-300x84.jpg 300w\" sizes=\"(max-width: 600px) 100vw, 600px\" \/>\t\t\t\t\t\t\t\t\t\t\t\t\t\t\t<\/div>\n\t\t\t\t<\/div>\n\t\t\t\t\t<\/div>\n\t\t<\/div>\n\t\t\t\t\t<\/div>\n\t\t<\/section>\n\t\t\t\t<section class=\"elementor-section elementor-top-section elementor-element elementor-element-1f73faf elementor-section-boxed elementor-section-height-default elementor-section-height-default\" data-id=\"1f73faf\" data-element_type=\"section\">\n\t\t\t\t\t\t<div class=\"elementor-container elementor-column-gap-default\">\n\t\t\t\t\t<div class=\"elementor-column elementor-col-50 elementor-top-column elementor-element elementor-element-28dfbb0\" data-id=\"28dfbb0\" data-element_type=\"column\" data-settings=\"{&quot;background_background&quot;:&quot;classic&quot;}\">\n\t\t\t<div class=\"elementor-widget-wrap elementor-element-populated\">\n\t\t\t\t\t\t<div class=\"elementor-element elementor-element-4d1380f elementor-widget elementor-widget-heading\" data-id=\"4d1380f\" data-element_type=\"widget\" data-widget_type=\"heading.default\">\n\t\t\t\t<div class=\"elementor-widget-container\">\n\t\t\t\t\t<h2 class=\"elementor-heading-title elementor-size-default\">Responsabilidade<\/h2>\t\t\t\t<\/div>\n\t\t\t\t<\/div>\n\t\t\t\t<div class=\"elementor-element elementor-element-15c523f elementor-widget elementor-widget-text-editor\" data-id=\"15c523f\" data-element_type=\"widget\" data-widget_type=\"text-editor.default\">\n\t\t\t\t<div class=\"elementor-widget-container\">\n\t\t\t\t\t\t\t\t\t<p>Todas essas decis\u00f5es ou a\u00e7\u00f5es s\u00e3o executadas de forma consciente, transparente e legal pelos grupos ou organiza\u00e7\u00f5es, visando o bem-estar da sociedade ou do ambiente onde trabalham, assumindo as consequ\u00eancias e comprometendo-nos com as solu\u00e7\u00f5es daqueles que as requerem.<\/p>\n\t\t\t\t\t\t\t\t<\/div>\n\t\t\t\t<\/div>\n\t\t\t\t\t<\/div>\n\t\t<\/div>\n\t\t\t\t<div class=\"elementor-column elementor-col-50 elementor-top-column elementor-element elementor-element-f21f14a\" data-id=\"f21f14a\" data-element_type=\"column\">\n\t\t\t<div class=\"elementor-widget-wrap elementor-element-populated\">\n\t\t\t\t\t\t<div class=\"elementor-element elementor-element-bcc61fd elementor-widget elementor-widget-heading\" data-id=\"bcc61fd\" data-element_type=\"widget\" data-widget_type=\"heading.default\">\n\t\t\t\t<div class=\"elementor-widget-container\">\n\t\t\t\t\t<h2 class=\"elementor-heading-title elementor-size-default\">Solidariedade<\/h2>\t\t\t\t<\/div>\n\t\t\t\t<\/div>\n\t\t\t\t<div class=\"elementor-element elementor-element-e8aebd1 elementor-widget elementor-widget-text-editor\" data-id=\"e8aebd1\" data-element_type=\"widget\" data-widget_type=\"text-editor.default\">\n\t\t\t\t<div class=\"elementor-widget-container\">\n\t\t\t\t\t\t\t\t\t<p>No GSB encorajamos, diariamente, a capacidade ou atitude que todas as pessoas da nossa sociedade t\u00eam de se ajudar e apoiar mutuamente em aspectos espec\u00edficos da vida cotidiana.<\/p>\n<p><a style=\"background-color: rgba(255, 255, 255, 0); letter-spacing: var(--the7-base-letter-spacing); text-transform: var(--the7-base-text-transform); word-spacing: normal;\" href=\"http:\/\/proyectos\" target=\"_blank\" rel=\"noopener\">E<\/a>, portanto, tamb\u00e9m na for\u00e7a de trabalho com a qual fornecemos os <a href=\"https:\/\/gsb.lat\/proyectos\/\" rel=\"noopener\">projetos em que trabalhamos nos diferentes servi\u00e7os<\/a>.<\/p>\n\t\t\t\t\t\t\t\t<\/div>\n\t\t\t\t<\/div>\n\t\t\t\t\t<\/div>\n\t\t<\/div>\n\t\t\t\t\t<\/div>\n\t\t<\/section>\n\t\t\t\t<section class=\"elementor-section elementor-top-section elementor-element elementor-element-50379fc4 elementor-section-boxed elementor-section-height-default elementor-section-height-default\" data-id=\"50379fc4\" data-element_type=\"section\">\n\t\t\t\t\t\t<div class=\"elementor-container elementor-column-gap-default\">\n\t\t\t\t\t<div class=\"elementor-column elementor-col-100 elementor-top-column elementor-element elementor-element-6eccc670\" data-id=\"6eccc670\" data-element_type=\"column\">\n\t\t\t<div class=\"elementor-widget-wrap elementor-element-populated\">\n\t\t\t\t\t\t<div class=\"elementor-element elementor-element-6abe19dd elementor-widget elementor-widget-heading\" data-id=\"6abe19dd\" data-element_type=\"widget\" data-widget_type=\"heading.default\">\n\t\t\t\t<div class=\"elementor-widget-container\">\n\t\t\t\t\t<h3 class=\"elementor-heading-title elementor-size-default\">Conex\u00e3o GSB e Vida Produtiva, projetos ROSS<\/h3>\t\t\t\t<\/div>\n\t\t\t\t<\/div>\n\t\t\t\t<div class=\"elementor-element elementor-element-6d24b1a4 elementor-widget elementor-widget-the7_elements\" data-id=\"6d24b1a4\" data-element_type=\"widget\" data-widget_type=\"the7_elements.default\">\n\t\t\t\t<div class=\"elementor-widget-container\">\n\t\t\t\t\t<div class=\"portfolio-shortcode the7-elementor-widget the7_elements-6d24b1a4 mode-masonry classic-layout-list description-under-image quick-scale-img content-bg-on enable-bg-rollover resize-by-browser-width widget-with-filter loading-effect-none jquery-filter\" data-padding=\"15px\" data-mobile-columns-num=\"1\" data-tablet-columns-num=\"2\" data-desktop-columns-num=\"3\" data-wide-desktop-columns-num=\"3\" data-post-limit=\"-1\" data-pagination-mode=\"none\" data-scroll-offset=\"\" aria-live=\"assertive\"><div class=\"iso-container dt-isotope custom-iso-columns\"><div class=\"visible wf-cell iso-item category-490\" data-post-id=\"11344\" data-date=\"2022-11-23T11:52:10-06:00\" data-name=\"GSB Vida Produtiva\"><article class=\"post visible post-11344 dt_portfolio type-dt_portfolio status-publish has-post-thumbnail hentry dt_portfolio_category-gsb-pt dt_portfolio_tags-2021-pt area_negocio-capital-humano-pt categorias_de_proyecto-capital-humano-pt\" data-name=\"GSB Vida Produtiva\" data-date=\"2022-11-23T11:52:10-06:00\">\n\n\t<div class=\"post-thumbnail-wrap\">\n\t\t<div class=\"post-thumbnail\">\n\n\t\t\t<a class=\"post-thumbnail-rollover layzr-bg img-css-resize-wrapper\" aria-label=\"Post image\" href=\"https:\/\/gsb.lat\/pt\/projetos\/gsb-vida-produtiva\/\"><img decoding=\"async\" width=\"800\" height=\"533\" src=\"data:image\/svg+xml,%3Csvg%20xmlns%3D&#039;http%3A%2F%2Fwww.w3.org%2F2000%2Fsvg&#039;%20viewBox%3D&#039;0%200%20800%20533&#039;%2F%3E\" class=\"attachment-full size-full preload-me aspect lazy lazy-load\" alt=\"\" sizes=\"(max-width: 800px) 100vw, 800px\" style=\"--ratio: 800 \/ 533;\" data-src=\"https:\/\/gsb.lat\/wp-content\/uploads\/2022\/11\/Imagen-destacada-del-proyecto-Vida-Productiva-GSB.jpg\" loading=\"eager\" data-srcset=\"https:\/\/gsb.lat\/wp-content\/uploads\/2022\/11\/Imagen-destacada-del-proyecto-Vida-Productiva-GSB.jpg 800w, https:\/\/gsb.lat\/wp-content\/uploads\/2022\/11\/Imagen-destacada-del-proyecto-Vida-Productiva-GSB-300x200.jpg 300w, https:\/\/gsb.lat\/wp-content\/uploads\/2022\/11\/Imagen-destacada-del-proyecto-Vida-Productiva-GSB-768x512.jpg 768w\" \/><span class=\"the7-hover-icon\"><i aria-hidden=\"true\" class=\"fas fa-plus\"><\/i><\/span><\/a>\n\t\t<\/div>\n\t<\/div>\n\n\n<div class=\"post-entry-content\">\n\n\t<h3 class=\"ele-entry-title\"><a href=\"https:\/\/gsb.lat\/pt\/projetos\/gsb-vida-produtiva\/\" rel=\"bookmark\" title=\"GSB Vida Produtiva\">GSB Vida Produtiva<\/a><\/h3><div class=\"entry-meta\"><span class=\"meta-item category-link\"><a href=\"https:\/\/gsb.lat\/pt\/cliente\/gsb-pt\/\" rel=\"tag\">GSB<\/a><\/span><a class=\"meta-item author vcard\" href=\"https:\/\/gsb.lat\/pt\/author\/gsb-alberto\/\" title=\"Ver todos as postagens de GSB\" rel=\"author external\">Por <span class=\"fn\">GSB<\/span><\/a><span class=\"meta-item data-link\"><time class=\"entry-date updated\" datetime=\"2022-11-23T11:52:10-06:00\">23 novembro, 2022<\/time><\/span><\/div><div class=\"entry-excerpt\"><p>Este projeto visa criar oportunidades de emprego com hor\u00e1rios de trabalho flex\u00edveis para adultos, permitindo o seu cont\u00ednuo desenvolvimento, aprendizagem, input e solv\u00eancia econ\u00f4mica, resultando em crescimento bilateral. O principal objetivo deste projeto \u00e9 o de dinamizar oportunidades e flexibilidade e flexibilidade do trabalho numa modalidade inicial de 4,5 horas por dia, com de 4,5 horas por dia,&#8230;<\/p>\n<\/div><a href=\"https:\/\/gsb.lat\/pt\/projetos\/gsb-vida-produtiva\/\" target=\"\" aria-label=\"Bot\u00e3o &quot;Leia mais&quot; GSB Vida Produtiva\" class=\"box-button elementor-button elementor-size-xs\">Ver projeto<\/a>\n<\/div><\/article><\/div><div class=\"visible wf-cell iso-item category-490\" data-post-id=\"11350\" data-date=\"2022-12-02T18:55:18-06:00\" data-name=\"Servi\u00e7os de Pessoal Especializado\"><article class=\"post visible post-11350 dt_portfolio type-dt_portfolio status-publish has-post-thumbnail hentry dt_portfolio_category-igt-mexicana-de-juegos-pt dt_portfolio_tags-2021-pt area_negocio-capital-humano-pt categorias_de_proyecto-capital-humano-pt\" data-name=\"Servi\u00e7os de Pessoal Especializado\" data-date=\"2022-12-02T18:55:18-06:00\">\n\n\t<div class=\"post-thumbnail-wrap\">\n\t\t<div class=\"post-thumbnail\">\n\n\t\t\t<a class=\"post-thumbnail-rollover layzr-bg img-css-resize-wrapper\" aria-label=\"Post image\" href=\"https:\/\/gsb.lat\/pt\/projetos\/servicos-de-pessoal-especializado\/\"><img decoding=\"async\" width=\"800\" height=\"533\" src=\"data:image\/svg+xml,%3Csvg%20xmlns%3D&#039;http%3A%2F%2Fwww.w3.org%2F2000%2Fsvg&#039;%20viewBox%3D&#039;0%200%20800%20533&#039;%2F%3E\" class=\"attachment-full size-full preload-me aspect lazy lazy-load\" alt=\"\" sizes=\"(max-width: 800px) 100vw, 800px\" style=\"--ratio: 800 \/ 533;\" data-src=\"https:\/\/gsb.lat\/wp-content\/uploads\/2022\/12\/Imagen-de-Servicios-Especializados-de-Personal-GSB.jpeg\" loading=\"eager\" data-srcset=\"https:\/\/gsb.lat\/wp-content\/uploads\/2022\/12\/Imagen-de-Servicios-Especializados-de-Personal-GSB.jpeg 800w, https:\/\/gsb.lat\/wp-content\/uploads\/2022\/12\/Imagen-de-Servicios-Especializados-de-Personal-GSB-300x200.jpeg 300w, https:\/\/gsb.lat\/wp-content\/uploads\/2022\/12\/Imagen-de-Servicios-Especializados-de-Personal-GSB-768x512.jpeg 768w\" \/><span class=\"the7-hover-icon\"><i aria-hidden=\"true\" class=\"fas fa-plus\"><\/i><\/span><\/a>\n\t\t<\/div>\n\t<\/div>\n\n\n<div class=\"post-entry-content\">\n\n\t<h3 class=\"ele-entry-title\"><a href=\"https:\/\/gsb.lat\/pt\/projetos\/servicos-de-pessoal-especializado\/\" rel=\"bookmark\" title=\"Servi\u00e7os de Pessoal Especializado\">Servi\u00e7os de Pessoal Especializado<\/a><\/h3><div class=\"entry-meta\"><span class=\"meta-item category-link\"><a href=\"https:\/\/gsb.lat\/pt\/cliente\/igt-mexicana-de-juegos-pt\/\" rel=\"tag\">IGT Mexicana de Juegos<\/a><\/span><a class=\"meta-item author vcard\" href=\"https:\/\/gsb.lat\/pt\/author\/gsb-alberto\/\" title=\"Ver todos as postagens de GSB\" rel=\"author external\">Por <span class=\"fn\">GSB<\/span><\/a><span class=\"meta-item data-link\"><time class=\"entry-date updated\" datetime=\"2022-12-02T18:55:18-06:00\">2 dezembro, 2022<\/time><\/span><\/div><div class=\"entry-excerpt\"><p>Recrutamento de pessoal especializado, para clientes, em diferentes \u00e1reas, operadores tais como armaz\u00e9ns, apoio t\u00e9cnico de campo, pessoal administrativo tal como Recepcionista de Empresas, Apoio a Empresas, Contabilistas, Especialista de Marketing, tamb\u00e9m se as suas necessidades o exigirem, oferecemos-lhe o servi\u00e7o de Recrutamento e selec\u00e7\u00e3o. Neste projecto, a selec\u00e7\u00e3o de todos estes perfis \u00e9 efectuada tendo em conta, como sempre, as necessidades&#8230;<\/p>\n<\/div><a href=\"https:\/\/gsb.lat\/pt\/projetos\/servicos-de-pessoal-especializado\/\" target=\"\" aria-label=\"Bot\u00e3o &quot;Leia mais&quot; Servi\u00e7os de Pessoal Especializado\" class=\"box-button elementor-button elementor-size-xs\">Ver projeto<\/a>\n<\/div><\/article><\/div><div class=\"visible wf-cell iso-item category-490\" data-post-id=\"11365\" data-date=\"2022-12-05T17:48:01-06:00\" data-name=\"Recrutamento, Sele\u00e7\u00e3o e Contrata\u00e7\u00e3o de um Gestor de Vendas no Pa\u00eds\"><article class=\"post visible post-11365 dt_portfolio type-dt_portfolio status-publish has-post-thumbnail hentry dt_portfolio_category-pisa-pharmaceuticals-pt dt_portfolio_tags-2021-pt area_negocio-capital-humano-pt categorias_de_proyecto-capital-humano-pt\" data-name=\"Recrutamento, Sele\u00e7\u00e3o e Contrata\u00e7\u00e3o de um Gestor de Vendas no Pa\u00eds\" data-date=\"2022-12-05T17:48:01-06:00\">\n\n\t<div class=\"post-thumbnail-wrap\">\n\t\t<div class=\"post-thumbnail\">\n\n\t\t\t<a class=\"post-thumbnail-rollover layzr-bg img-css-resize-wrapper\" aria-label=\"Post image\" href=\"https:\/\/gsb.lat\/pt\/projetos\/recrutamento-seleccao-e-contratacao-de-um-gestor-de-vendas-no-pais\/\"><img decoding=\"async\" width=\"800\" height=\"533\" src=\"data:image\/svg+xml,%3Csvg%20xmlns%3D&#039;http%3A%2F%2Fwww.w3.org%2F2000%2Fsvg&#039;%20viewBox%3D&#039;0%200%20800%20533&#039;%2F%3E\" class=\"attachment-full size-full preload-me aspect lazy lazy-load\" alt=\"\" sizes=\"(max-width: 800px) 100vw, 800px\" style=\"--ratio: 800 \/ 533;\" data-src=\"https:\/\/gsb.lat\/wp-content\/uploads\/2022\/12\/Imagen-de-destacada-pa-Product-Manager-para-PISA-Farmaceutica.jpg\" loading=\"eager\" data-srcset=\"https:\/\/gsb.lat\/wp-content\/uploads\/2022\/12\/Imagen-de-destacada-pa-Product-Manager-para-PISA-Farmaceutica.jpg 800w, https:\/\/gsb.lat\/wp-content\/uploads\/2022\/12\/Imagen-de-destacada-pa-Product-Manager-para-PISA-Farmaceutica-300x200.jpg 300w, https:\/\/gsb.lat\/wp-content\/uploads\/2022\/12\/Imagen-de-destacada-pa-Product-Manager-para-PISA-Farmaceutica-768x512.jpg 768w\" \/><span class=\"the7-hover-icon\"><i aria-hidden=\"true\" class=\"fas fa-plus\"><\/i><\/span><\/a>\n\t\t<\/div>\n\t<\/div>\n\n\n<div class=\"post-entry-content\">\n\n\t<h3 class=\"ele-entry-title\"><a href=\"https:\/\/gsb.lat\/pt\/projetos\/recrutamento-seleccao-e-contratacao-de-um-gestor-de-vendas-no-pais\/\" rel=\"bookmark\" title=\"Recrutamento, Sele\u00e7\u00e3o e Contrata\u00e7\u00e3o de um Gestor de Vendas no Pa\u00eds\">Recrutamento, Sele\u00e7\u00e3o e Contrata\u00e7\u00e3o de um Gestor de Vendas no Pa\u00eds<\/a><\/h3><div class=\"entry-meta\"><span class=\"meta-item category-link\"><a href=\"https:\/\/gsb.lat\/pt\/cliente\/pisa-pharmaceuticals-pt\/\" rel=\"tag\">PISA Pharmaceuticals<\/a><\/span><a class=\"meta-item author vcard\" href=\"https:\/\/gsb.lat\/pt\/author\/gsb-alberto\/\" title=\"Ver todos as postagens de GSB\" rel=\"author external\">Por <span class=\"fn\">GSB<\/span><\/a><span class=\"meta-item data-link\"><time class=\"entry-date updated\" datetime=\"2022-12-05T17:48:01-06:00\">5 dezembro, 2022<\/time><\/span><\/div><div class=\"entry-excerpt\"><p>Este projeto teve in\u00edcio com um pedido do cliente CA3 Corporate, que exigia um perfil muito espec\u00edfico. Na primeira reuni\u00e3o com o cliente, tent\u00e1mos descobrir em pormenor quais eram as necessidades a cobrir.<\/p>\n<\/div><a href=\"https:\/\/gsb.lat\/pt\/projetos\/recrutamento-seleccao-e-contratacao-de-um-gestor-de-vendas-no-pais\/\" target=\"\" aria-label=\"Bot\u00e3o &quot;Leia mais&quot; Recrutamento, Sele\u00e7\u00e3o e Contrata\u00e7\u00e3o de um Gestor de Vendas no Pa\u00eds\" class=\"box-button elementor-button elementor-size-xs\">Ver projeto<\/a>\n<\/div><\/article><\/div><div class=\"visible wf-cell iso-item category-490 category-477\" data-post-id=\"11337\" data-date=\"2023-02-15T19:44:21-06:00\" data-name=\"Medical Check Up Aplica\u00e7\u00e3o Web Interna\"><article class=\"post visible post-11337 dt_portfolio type-dt_portfolio status-publish has-post-thumbnail hentry dt_portfolio_category-gsb-pt dt_portfolio_tags-2019-pt area_negocio-capital-humano-pt area_negocio-solucoes-tecnologicas categorias_de_proyecto-solucoes-tecnologicas categorias_de_proyecto-solucoes-tic\" data-name=\"Medical Check Up Aplica\u00e7\u00e3o Web Interna\" data-date=\"2023-02-15T19:44:21-06:00\">\n\n\t<div class=\"post-thumbnail-wrap\">\n\t\t<div class=\"post-thumbnail\">\n\n\t\t\t<a class=\"post-thumbnail-rollover layzr-bg img-css-resize-wrapper\" aria-label=\"Post image\" href=\"https:\/\/gsb.lat\/pt\/projetos\/medical-check-up-aplicacao-web-interna\/\"><img decoding=\"async\" width=\"800\" height=\"533\" src=\"data:image\/svg+xml,%3Csvg%20xmlns%3D&#039;http%3A%2F%2Fwww.w3.org%2F2000%2Fsvg&#039;%20viewBox%3D&#039;0%200%20800%20533&#039;%2F%3E\" class=\"attachment-full size-full preload-me aspect lazy lazy-load\" alt=\"Imagen Check Up\" sizes=\"(max-width: 800px) 100vw, 800px\" style=\"--ratio: 800 \/ 533;\" data-src=\"https:\/\/gsb.lat\/wp-content\/uploads\/2023\/02\/Imagen-Check-Up.jpg\" loading=\"eager\" data-srcset=\"https:\/\/gsb.lat\/wp-content\/uploads\/2023\/02\/Imagen-Check-Up.jpg 800w, https:\/\/gsb.lat\/wp-content\/uploads\/2023\/02\/Imagen-Check-Up-300x200.jpg 300w, https:\/\/gsb.lat\/wp-content\/uploads\/2023\/02\/Imagen-Check-Up-768x512.jpg 768w\" \/><span class=\"the7-hover-icon\"><i aria-hidden=\"true\" class=\"fas fa-plus\"><\/i><\/span><\/a>\n\t\t<\/div>\n\t<\/div>\n\n\n<div class=\"post-entry-content\">\n\n\t<h3 class=\"ele-entry-title\"><a href=\"https:\/\/gsb.lat\/pt\/projetos\/medical-check-up-aplicacao-web-interna\/\" rel=\"bookmark\" title=\"Medical Check Up Aplica\u00e7\u00e3o Web Interna\">Medical Check Up Aplica\u00e7\u00e3o Web Interna<\/a><\/h3><div class=\"entry-meta\"><span class=\"meta-item category-link\"><a href=\"https:\/\/gsb.lat\/pt\/cliente\/gsb-pt\/\" rel=\"tag\">GSB<\/a><\/span><a class=\"meta-item author vcard\" href=\"https:\/\/gsb.lat\/pt\/author\/gsb-alberto\/\" title=\"Ver todos as postagens de GSB\" rel=\"author external\">Por <span class=\"fn\">GSB<\/span><\/a><span class=\"meta-item data-link\"><time class=\"entry-date updated\" datetime=\"2023-02-15T19:44:21-06:00\">15 fevereiro, 2023<\/time><\/span><\/div><div class=\"entry-excerpt\"><p>O objetivo desta aplica\u00e7\u00e3o \u00e9 permitir aos usu\u00e1rios solicitar consultas m\u00e9dicas em hospitais, com um acordo de aprova\u00e7\u00e3o CH e processamento para dedu\u00e7\u00e3o de sal\u00e1rios em SAP, bem como o cumprimento regular dos requisitos m\u00e9dicos. Este projeto consiste em fornecer servi\u00e7os&#8230;<\/p>\n<\/div><a href=\"https:\/\/gsb.lat\/pt\/projetos\/medical-check-up-aplicacao-web-interna\/\" target=\"\" aria-label=\"Bot\u00e3o &quot;Leia mais&quot; Medical Check Up Aplica\u00e7\u00e3o Web Interna\" class=\"box-button elementor-button elementor-size-xs\">Ver projeto<\/a>\n<\/div><\/article><\/div><\/div><!-- iso-container|iso-grid --><\/div>\t\t\t\t<\/div>\n\t\t\t\t<\/div>\n\t\t\t\t\t<\/div>\n\t\t<\/div>\n\t\t\t\t\t<\/div>\n\t\t<\/section>\n\t\t\t\t<\/div>\n\t\t","protected":false},"excerpt":{"rendered":"<p>ROSSResponsabilidade Organizacional e Solidariedade Social Quem somos n\u00f3s? A \u00e1rea de Responsabilidade Organizacional e Solidariedade Social nasceu da necessidade de contribuir e envolver o GSB na comunidade, bem como de promover a identifica\u00e7\u00e3o com a empresa, a comunica\u00e7\u00e3o positiva entre os membros do GSB e o crescimento tanto dos funcion\u00e1rios como da empresa. Os nossos&hellip;<\/p>\n","protected":false},"author":2,"featured_media":0,"parent":0,"menu_order":0,"comment_status":"closed","ping_status":"closed","template":"","meta":{"footnotes":""},"class_list":["post-11217","page","type-page","status-publish","hentry"],"_links":{"self":[{"href":"https:\/\/gsb.lat\/pt\/wp-json\/wp\/v2\/pages\/11217","targetHints":{"allow":["GET"]}}],"collection":[{"href":"https:\/\/gsb.lat\/pt\/wp-json\/wp\/v2\/pages"}],"about":[{"href":"https:\/\/gsb.lat\/pt\/wp-json\/wp\/v2\/types\/page"}],"author":[{"embeddable":true,"href":"https:\/\/gsb.lat\/pt\/wp-json\/wp\/v2\/users\/2"}],"replies":[{"embeddable":true,"href":"https:\/\/gsb.lat\/pt\/wp-json\/wp\/v2\/comments?post=11217"}],"version-history":[{"count":19,"href":"https:\/\/gsb.lat\/pt\/wp-json\/wp\/v2\/pages\/11217\/revisions"}],"predecessor-version":[{"id":14033,"href":"https:\/\/gsb.lat\/pt\/wp-json\/wp\/v2\/pages\/11217\/revisions\/14033"}],"wp:attachment":[{"href":"https:\/\/gsb.lat\/pt\/wp-json\/wp\/v2\/media?parent=11217"}],"curies":[{"name":"wp","href":"https:\/\/api.w.org\/{rel}","templated":true}]}}