{"id":11219,"date":"2022-11-08T21:34:43","date_gmt":"2022-11-09T03:34:43","guid":{"rendered":"https:\/\/gsb.lat\/servicos\/"},"modified":"2023-04-05T09:57:47","modified_gmt":"2023-04-05T15:57:47","slug":"servicos","status":"publish","type":"page","link":"https:\/\/gsb.lat\/pt\/servicos\/","title":{"rendered":"Servi\u00e7os"},"content":{"rendered":"\t\t<div data-elementor-type=\"wp-page\" data-elementor-id=\"11219\" class=\"elementor elementor-11219 elementor-6215\" data-elementor-post-type=\"page\">\n\t\t\t\t\t\t<section class=\"elementor-section elementor-top-section elementor-element elementor-element-5cd0d0ed elementor-section-height-min-height elementor-section-boxed elementor-section-height-default elementor-section-items-middle\" data-id=\"5cd0d0ed\" data-element_type=\"section\" data-settings=\"{&quot;background_background&quot;:&quot;classic&quot;}\">\n\t\t\t\t\t\t<div class=\"elementor-container elementor-column-gap-default\">\n\t\t\t\t\t<div class=\"elementor-column elementor-col-100 elementor-top-column elementor-element elementor-element-6c680841\" data-id=\"6c680841\" data-element_type=\"column\">\n\t\t\t<div class=\"elementor-widget-wrap elementor-element-populated\">\n\t\t\t\t\t\t<div class=\"elementor-element elementor-element-31b28360 elementor-widget elementor-widget-heading\" data-id=\"31b28360\" data-element_type=\"widget\" data-widget_type=\"heading.default\">\n\t\t\t\t<div class=\"elementor-widget-container\">\n\t\t\t\t\t<h1 class=\"elementor-heading-title elementor-size-default\">Servi\u00e7os<\/h1>\t\t\t\t<\/div>\n\t\t\t\t<\/div>\n\t\t\t\t\t<\/div>\n\t\t<\/div>\n\t\t\t\t\t<\/div>\n\t\t<\/section>\n\t\t\t\t<section class=\"elementor-section elementor-top-section elementor-element elementor-element-120eaf1 elementor-section-boxed elementor-section-height-default elementor-section-height-default\" data-id=\"120eaf1\" data-element_type=\"section\">\n\t\t\t\t\t\t<div class=\"elementor-container elementor-column-gap-default\">\n\t\t\t\t\t<div class=\"elementor-column elementor-col-50 elementor-top-column elementor-element elementor-element-9f7a042\" data-id=\"9f7a042\" data-element_type=\"column\">\n\t\t\t<div class=\"elementor-widget-wrap elementor-element-populated\">\n\t\t\t\t\t\t<div class=\"elementor-element elementor-element-5c8edf3e elementor-widget elementor-widget-image\" data-id=\"5c8edf3e\" data-element_type=\"widget\" data-settings=\"{&quot;_animation&quot;:&quot;none&quot;}\" data-widget_type=\"image.default\">\n\t\t\t\t<div class=\"elementor-widget-container\">\n\t\t\t\t\t\t\t\t\t\t\t\t\t\t\t\t<a href=\"https:\/\/gsb.lat\/area-negocio\/soluciones-tecnologicas\/\">\n\t\t\t\t\t\t\t<img fetchpriority=\"high\" decoding=\"async\" width=\"571\" height=\"571\" src=\"https:\/\/gsb.lat\/wp-content\/uploads\/2023\/04\/Imagen-Soluciones-Tecnologicas-1.jpg\" class=\"attachment-full size-full wp-image-12457\" alt=\"Imagen Soluciones Tecnol\u00f3gicas\" srcset=\"https:\/\/gsb.lat\/wp-content\/uploads\/2023\/04\/Imagen-Soluciones-Tecnologicas-1.jpg 571w, https:\/\/gsb.lat\/wp-content\/uploads\/2023\/04\/Imagen-Soluciones-Tecnologicas-1-300x300.jpg 300w, https:\/\/gsb.lat\/wp-content\/uploads\/2023\/04\/Imagen-Soluciones-Tecnologicas-1-150x150.jpg 150w\" sizes=\"(max-width: 571px) 100vw, 571px\" \/>\t\t\t\t\t\t\t\t<\/a>\n\t\t\t\t\t\t\t\t\t\t\t\t\t\t\t<\/div>\n\t\t\t\t<\/div>\n\t\t\t\t<div class=\"elementor-element elementor-element-65080c7 elementor-widget elementor-widget-heading\" data-id=\"65080c7\" data-element_type=\"widget\" data-widget_type=\"heading.default\">\n\t\t\t\t<div class=\"elementor-widget-container\">\n\t\t\t\t\t<h2 class=\"elementor-heading-title elementor-size-default\">Solu\u00e7\u00f5es tecnol\u00f3gicas<\/h2>\t\t\t\t<\/div>\n\t\t\t\t<\/div>\n\t\t\t\t<div class=\"elementor-element elementor-element-2f4d41b6 elementor-align-center elementor-widget elementor-widget-button\" data-id=\"2f4d41b6\" data-element_type=\"widget\" data-widget_type=\"button.default\">\n\t\t\t\t<div class=\"elementor-widget-container\">\n\t\t\t\t\t\t\t\t\t<div class=\"elementor-button-wrapper\">\n\t\t\t\t\t<a class=\"elementor-button elementor-button-link elementor-size-md\" href=\"https:\/\/gsb.lat\/area-negocio\/soluciones-tecnologicas\/\">\n\t\t\t\t\t\t<span class=\"elementor-button-content-wrapper\">\n\t\t\t\t\t\t\t\t\t<span class=\"elementor-button-text\">Ver mais<\/span>\n\t\t\t\t\t<\/span>\n\t\t\t\t\t<\/a>\n\t\t\t\t<\/div>\n\t\t\t\t\t\t\t\t<\/div>\n\t\t\t\t<\/div>\n\t\t\t\t\t<\/div>\n\t\t<\/div>\n\t\t\t\t<div class=\"elementor-column elementor-col-50 elementor-top-column elementor-element elementor-element-3b738c1\" data-id=\"3b738c1\" data-element_type=\"column\">\n\t\t\t<div class=\"elementor-widget-wrap elementor-element-populated\">\n\t\t\t\t\t\t<div class=\"elementor-element elementor-element-3508c954 elementor-widget elementor-widget-image\" data-id=\"3508c954\" data-element_type=\"widget\" data-settings=\"{&quot;_animation&quot;:&quot;none&quot;}\" data-widget_type=\"image.default\">\n\t\t\t\t<div class=\"elementor-widget-container\">\n\t\t\t\t\t\t\t\t\t\t\t\t\t\t\t\t<a href=\"https:\/\/gsb.lat\/area-negocio\/soluciones-tics\/\">\n\t\t\t\t\t\t\t<img decoding=\"async\" width=\"571\" height=\"571\" src=\"https:\/\/gsb.lat\/wp-content\/uploads\/2023\/04\/Imagen-de-Soluciones-TICs.jpg\" class=\"attachment-large size-large wp-image-12433\" alt=\"Imagen de Soluciones TICs\" srcset=\"https:\/\/gsb.lat\/wp-content\/uploads\/2023\/04\/Imagen-de-Soluciones-TICs.jpg 571w, https:\/\/gsb.lat\/wp-content\/uploads\/2023\/04\/Imagen-de-Soluciones-TICs-300x300.jpg 300w, https:\/\/gsb.lat\/wp-content\/uploads\/2023\/04\/Imagen-de-Soluciones-TICs-150x150.jpg 150w\" sizes=\"(max-width: 571px) 100vw, 571px\" \/>\t\t\t\t\t\t\t\t<\/a>\n\t\t\t\t\t\t\t\t\t\t\t\t\t\t\t<\/div>\n\t\t\t\t<\/div>\n\t\t\t\t<div class=\"elementor-element elementor-element-d2b9501 elementor-widget elementor-widget-heading\" data-id=\"d2b9501\" data-element_type=\"widget\" data-widget_type=\"heading.default\">\n\t\t\t\t<div class=\"elementor-widget-container\">\n\t\t\t\t\t<h2 class=\"elementor-heading-title elementor-size-default\">Solu\u00e7\u00f5es TIC<\/h2>\t\t\t\t<\/div>\n\t\t\t\t<\/div>\n\t\t\t\t<div class=\"elementor-element elementor-element-7af2fce1 elementor-align-center elementor-widget elementor-widget-button\" data-id=\"7af2fce1\" data-element_type=\"widget\" data-widget_type=\"button.default\">\n\t\t\t\t<div class=\"elementor-widget-container\">\n\t\t\t\t\t\t\t\t\t<div class=\"elementor-button-wrapper\">\n\t\t\t\t\t<a class=\"elementor-button elementor-button-link elementor-size-md\" href=\"https:\/\/gsb.lat\/area-negocio\/soluciones-tics\/\">\n\t\t\t\t\t\t<span class=\"elementor-button-content-wrapper\">\n\t\t\t\t\t\t\t\t\t<span class=\"elementor-button-text\">Ver mais<\/span>\n\t\t\t\t\t<\/span>\n\t\t\t\t\t<\/a>\n\t\t\t\t<\/div>\n\t\t\t\t\t\t\t\t<\/div>\n\t\t\t\t<\/div>\n\t\t\t\t\t<\/div>\n\t\t<\/div>\n\t\t\t\t\t<\/div>\n\t\t<\/section>\n\t\t\t\t<section class=\"elementor-section elementor-top-section elementor-element elementor-element-eced2ec elementor-section-boxed elementor-section-height-default elementor-section-height-default\" data-id=\"eced2ec\" data-element_type=\"section\">\n\t\t\t\t\t\t<div class=\"elementor-container elementor-column-gap-default\">\n\t\t\t\t\t<div class=\"elementor-column elementor-col-50 elementor-top-column elementor-element elementor-element-c0ff8c0\" data-id=\"c0ff8c0\" data-element_type=\"column\">\n\t\t\t<div class=\"elementor-widget-wrap elementor-element-populated\">\n\t\t\t\t\t\t<div class=\"elementor-element elementor-element-3ddd1843 elementor-widget elementor-widget-image\" data-id=\"3ddd1843\" data-element_type=\"widget\" data-settings=\"{&quot;_animation&quot;:&quot;none&quot;}\" data-widget_type=\"image.default\">\n\t\t\t\t<div class=\"elementor-widget-container\">\n\t\t\t\t\t\t\t\t\t\t\t\t\t\t\t\t<a href=\"https:\/\/gsb.lat\/area-negocio\/capital-humano\/\">\n\t\t\t\t\t\t\t<img decoding=\"async\" width=\"571\" height=\"571\" src=\"https:\/\/gsb.lat\/wp-content\/uploads\/2023\/04\/Imagen-de-Capital-Humano.jpg\" class=\"attachment-full size-full wp-image-12436\" alt=\"Imagen de Capital Humano\" srcset=\"https:\/\/gsb.lat\/wp-content\/uploads\/2023\/04\/Imagen-de-Capital-Humano.jpg 571w, https:\/\/gsb.lat\/wp-content\/uploads\/2023\/04\/Imagen-de-Capital-Humano-300x300.jpg 300w, https:\/\/gsb.lat\/wp-content\/uploads\/2023\/04\/Imagen-de-Capital-Humano-150x150.jpg 150w\" sizes=\"(max-width: 571px) 100vw, 571px\" \/>\t\t\t\t\t\t\t\t<\/a>\n\t\t\t\t\t\t\t\t\t\t\t\t\t\t\t<\/div>\n\t\t\t\t<\/div>\n\t\t\t\t<div class=\"elementor-element elementor-element-8add5d1 elementor-widget elementor-widget-heading\" data-id=\"8add5d1\" data-element_type=\"widget\" data-widget_type=\"heading.default\">\n\t\t\t\t<div class=\"elementor-widget-container\">\n\t\t\t\t\t<h2 class=\"elementor-heading-title elementor-size-default\">Capital Humano<\/h2>\t\t\t\t<\/div>\n\t\t\t\t<\/div>\n\t\t\t\t<div class=\"elementor-element elementor-element-f3fa73c elementor-align-center elementor-widget elementor-widget-button\" data-id=\"f3fa73c\" data-element_type=\"widget\" data-widget_type=\"button.default\">\n\t\t\t\t<div class=\"elementor-widget-container\">\n\t\t\t\t\t\t\t\t\t<div class=\"elementor-button-wrapper\">\n\t\t\t\t\t<a class=\"elementor-button elementor-button-link elementor-size-md\" href=\"https:\/\/gsb.lat\/area-negocio\/capital-humano\/\">\n\t\t\t\t\t\t<span class=\"elementor-button-content-wrapper\">\n\t\t\t\t\t\t\t\t\t<span class=\"elementor-button-text\">Ver mais<\/span>\n\t\t\t\t\t<\/span>\n\t\t\t\t\t<\/a>\n\t\t\t\t<\/div>\n\t\t\t\t\t\t\t\t<\/div>\n\t\t\t\t<\/div>\n\t\t\t\t\t<\/div>\n\t\t<\/div>\n\t\t\t\t<div class=\"elementor-column elementor-col-50 elementor-top-column elementor-element elementor-element-401c014\" data-id=\"401c014\" data-element_type=\"column\">\n\t\t\t<div class=\"elementor-widget-wrap elementor-element-populated\">\n\t\t\t\t\t\t<div class=\"elementor-element elementor-element-4f682f9 elementor-widget elementor-widget-image\" data-id=\"4f682f9\" data-element_type=\"widget\" data-settings=\"{&quot;_animation&quot;:&quot;none&quot;}\" data-widget_type=\"image.default\">\n\t\t\t\t<div class=\"elementor-widget-container\">\n\t\t\t\t\t\t\t\t\t\t\t\t\t\t\t\t<a href=\"https:\/\/gsb.lat\/area-negocio\/educacional\/\">\n\t\t\t\t\t\t\t<img loading=\"lazy\" decoding=\"async\" width=\"571\" height=\"571\" src=\"https:\/\/gsb.lat\/wp-content\/uploads\/2023\/04\/Imagen-de-Servicios-Educacional.jpg\" class=\"attachment-full size-full wp-image-12439\" alt=\"Imagen de Servicios Educacional\" srcset=\"https:\/\/gsb.lat\/wp-content\/uploads\/2023\/04\/Imagen-de-Servicios-Educacional.jpg 571w, https:\/\/gsb.lat\/wp-content\/uploads\/2023\/04\/Imagen-de-Servicios-Educacional-300x300.jpg 300w, https:\/\/gsb.lat\/wp-content\/uploads\/2023\/04\/Imagen-de-Servicios-Educacional-150x150.jpg 150w\" sizes=\"(max-width: 571px) 100vw, 571px\" \/>\t\t\t\t\t\t\t\t<\/a>\n\t\t\t\t\t\t\t\t\t\t\t\t\t\t\t<\/div>\n\t\t\t\t<\/div>\n\t\t\t\t<div class=\"elementor-element elementor-element-68fc3ad elementor-widget elementor-widget-heading\" data-id=\"68fc3ad\" data-element_type=\"widget\" data-widget_type=\"heading.default\">\n\t\t\t\t<div class=\"elementor-widget-container\">\n\t\t\t\t\t<h2 class=\"elementor-heading-title elementor-size-default\">Educa\u00e7\u00e3o<\/h2>\t\t\t\t<\/div>\n\t\t\t\t<\/div>\n\t\t\t\t<div class=\"elementor-element elementor-element-73192bb elementor-align-center elementor-widget elementor-widget-button\" data-id=\"73192bb\" data-element_type=\"widget\" data-widget_type=\"button.default\">\n\t\t\t\t<div class=\"elementor-widget-container\">\n\t\t\t\t\t\t\t\t\t<div class=\"elementor-button-wrapper\">\n\t\t\t\t\t<a class=\"elementor-button elementor-button-link elementor-size-md\" href=\"https:\/\/gsb.lat\/area-negocio\/educacional\/\">\n\t\t\t\t\t\t<span class=\"elementor-button-content-wrapper\">\n\t\t\t\t\t\t\t\t\t<span class=\"elementor-button-text\">Ver mais<\/span>\n\t\t\t\t\t<\/span>\n\t\t\t\t\t<\/a>\n\t\t\t\t<\/div>\n\t\t\t\t\t\t\t\t<\/div>\n\t\t\t\t<\/div>\n\t\t\t\t\t<\/div>\n\t\t<\/div>\n\t\t\t\t\t<\/div>\n\t\t<\/section>\n\t\t\t\t<section class=\"elementor-section elementor-top-section elementor-element elementor-element-df9b698 elementor-section-boxed elementor-section-height-default elementor-section-height-default\" data-id=\"df9b698\" data-element_type=\"section\">\n\t\t\t\t\t\t<div class=\"elementor-container elementor-column-gap-default\">\n\t\t\t\t\t<div class=\"elementor-column elementor-col-100 elementor-top-column elementor-element elementor-element-544fa86\" data-id=\"544fa86\" data-element_type=\"column\">\n\t\t\t<div class=\"elementor-widget-wrap elementor-element-populated\">\n\t\t\t\t\t\t<div class=\"elementor-element elementor-element-916ee73 elementor-widget elementor-widget-image\" data-id=\"916ee73\" data-element_type=\"widget\" data-settings=\"{&quot;_animation&quot;:&quot;none&quot;}\" data-widget_type=\"image.default\">\n\t\t\t\t<div class=\"elementor-widget-container\">\n\t\t\t\t\t\t\t\t\t\t\t\t\t\t\t\t<a href=\"https:\/\/gsb.lat\/area-negocio\/ciberseguridad\/\">\n\t\t\t\t\t\t\t<img loading=\"lazy\" decoding=\"async\" width=\"571\" height=\"571\" src=\"https:\/\/gsb.lat\/wp-content\/uploads\/2023\/04\/Imagen-de-Servicios-Cyberseguridad.jpg\" class=\"attachment-full size-full wp-image-12442\" alt=\"Imagen de Servicios Cyberseguridad\" srcset=\"https:\/\/gsb.lat\/wp-content\/uploads\/2023\/04\/Imagen-de-Servicios-Cyberseguridad.jpg 571w, https:\/\/gsb.lat\/wp-content\/uploads\/2023\/04\/Imagen-de-Servicios-Cyberseguridad-300x300.jpg 300w, https:\/\/gsb.lat\/wp-content\/uploads\/2023\/04\/Imagen-de-Servicios-Cyberseguridad-150x150.jpg 150w\" sizes=\"(max-width: 571px) 100vw, 571px\" \/>\t\t\t\t\t\t\t\t<\/a>\n\t\t\t\t\t\t\t\t\t\t\t\t\t\t\t<\/div>\n\t\t\t\t<\/div>\n\t\t\t\t<div class=\"elementor-element elementor-element-a60f4f4 elementor-widget elementor-widget-heading\" data-id=\"a60f4f4\" data-element_type=\"widget\" data-widget_type=\"heading.default\">\n\t\t\t\t<div class=\"elementor-widget-container\">\n\t\t\t\t\t<h2 class=\"elementor-heading-title elementor-size-default\">Ciber-seguran\u00e7a<\/h2>\t\t\t\t<\/div>\n\t\t\t\t<\/div>\n\t\t\t\t<div class=\"elementor-element elementor-element-8d86c89 elementor-align-center elementor-widget elementor-widget-button\" data-id=\"8d86c89\" data-element_type=\"widget\" data-widget_type=\"button.default\">\n\t\t\t\t<div class=\"elementor-widget-container\">\n\t\t\t\t\t\t\t\t\t<div class=\"elementor-button-wrapper\">\n\t\t\t\t\t<a class=\"elementor-button elementor-button-link elementor-size-md\" href=\"https:\/\/gsb.lat\/area-negocio\/ciberseguridad\/\">\n\t\t\t\t\t\t<span class=\"elementor-button-content-wrapper\">\n\t\t\t\t\t\t\t\t\t<span class=\"elementor-button-text\">Ver mais<\/span>\n\t\t\t\t\t<\/span>\n\t\t\t\t\t<\/a>\n\t\t\t\t<\/div>\n\t\t\t\t\t\t\t\t<\/div>\n\t\t\t\t<\/div>\n\t\t\t\t\t<\/div>\n\t\t<\/div>\n\t\t\t\t\t<\/div>\n\t\t<\/section>\n\t\t\t\t<\/div>\n\t\t","protected":false},"excerpt":{"rendered":"<p>Servi\u00e7os Solu\u00e7\u00f5es tecnol\u00f3gicas Ver mais Solu\u00e7\u00f5es TIC Ver mais Capital Humano Ver mais Educa\u00e7\u00e3o Ver mais Ciber-seguran\u00e7a Ver mais<\/p>\n","protected":false},"author":2,"featured_media":0,"parent":0,"menu_order":0,"comment_status":"closed","ping_status":"closed","template":"elementor_header_footer","meta":{"footnotes":""},"class_list":["post-11219","page","type-page","status-publish","hentry"],"_links":{"self":[{"href":"https:\/\/gsb.lat\/pt\/wp-json\/wp\/v2\/pages\/11219","targetHints":{"allow":["GET"]}}],"collection":[{"href":"https:\/\/gsb.lat\/pt\/wp-json\/wp\/v2\/pages"}],"about":[{"href":"https:\/\/gsb.lat\/pt\/wp-json\/wp\/v2\/types\/page"}],"author":[{"embeddable":true,"href":"https:\/\/gsb.lat\/pt\/wp-json\/wp\/v2\/users\/2"}],"replies":[{"embeddable":true,"href":"https:\/\/gsb.lat\/pt\/wp-json\/wp\/v2\/comments?post=11219"}],"version-history":[{"count":11,"href":"https:\/\/gsb.lat\/pt\/wp-json\/wp\/v2\/pages\/11219\/revisions"}],"predecessor-version":[{"id":12482,"href":"https:\/\/gsb.lat\/pt\/wp-json\/wp\/v2\/pages\/11219\/revisions\/12482"}],"wp:attachment":[{"href":"https:\/\/gsb.lat\/pt\/wp-json\/wp\/v2\/media?parent=11219"}],"curies":[{"name":"wp","href":"https:\/\/api.w.org\/{rel}","templated":true}]}}