{"id":12636,"date":"2023-04-20T05:43:08","date_gmt":"2023-04-20T11:43:08","guid":{"rendered":"https:\/\/gsb.lat\/politica-de-cookies\/"},"modified":"2023-04-20T05:43:08","modified_gmt":"2023-04-20T10:43:08","slug":"politica-de-cookies","status":"publish","type":"page","link":"https:\/\/gsb.lat\/pt\/politica-de-cookies\/","title":{"rendered":"Pol\u00edtica de cookies"},"content":{"rendered":"<style>\n    a.cky-banner-element {<br \/>        padding: 8px 30px;<br \/>        background: #F8F9FA;<br \/>        color: #858A8F;<br \/>        border: 1px solid #DEE2E6;<br \/>        box-sizing: border-box;<br \/>        border-radius: 2px;<br \/>        cursor: pointer;<br \/>}<br \/><\/style>\n<h1 class=\"cookie-policy-h1\">Pol\u00edtica de Cookies<\/h1>\n<p>&nbsp;<\/p>\n<h5>O que s\u00e3o cookies?<\/h5>\n<div class=\"cookie-policy-p\">\n<p>Esta Pol\u00edtica de Cookies explica o que s\u00e3o cookies e como os usamos, os tipos de cookies que usamos, ou seja, as informa\u00e7\u00f5es que coletamos usando cookies e como essas informa\u00e7\u00f5es s\u00e3o usadas, e como gerenciar suas configura\u00e7\u00f5es de cookies.<\/p>\n<p>Cookies s\u00e3o pequenos arquivos de texto que s\u00e3o usados para armazenar pequenos peda\u00e7os de informa\u00e7\u00e3o. Eles s\u00e3o armazenados em seu dispositivo quando o site \u00e9 carregado em seu navegador. Estes cookies nos ajudam a fazer o website funcionar corretamente, a torn\u00e1-lo mais seguro, a proporcionar uma melhor experi\u00eancia ao usu\u00e1rio e a entender como o website funciona e analisar o que funciona e onde precisa ser melhorado.<\/p>\n<\/div>\n<p>&nbsp;<\/p>\n<h5>Como utilizamos os cookies?<\/h5>\n<div class=\"cookie-policy-p\">\n<p>Como a maioria dos servi\u00e7os on-line, nosso website utiliza cookies de primeira m\u00e3o e de terceiros para uma variedade de prop\u00f3sitos. Os cookies de primeira parte s\u00e3o necess\u00e1rios principalmente para que o website funcione corretamente, e n\u00e3o coletam nenhuma informa\u00e7\u00e3o pessoalmente identific\u00e1vel sobre voc\u00ea.<\/p>\n<p>Os cookies de terceiros utilizados em nosso website servem principalmente para entender como o website funciona, como voc\u00ea interage com nosso website, manter nossos servi\u00e7os seguros, entregar an\u00fancios que s\u00e3o relevantes para voc\u00ea e, em \u00faltima inst\u00e2ncia, fornecer a voc\u00ea uma experi\u00eancia de usu\u00e1rio melhor e mais r\u00e1pida e ajudar a agilizar suas futuras intera\u00e7\u00f5es com nosso website.<\/p>\n<\/div>\n<p>&nbsp;<\/p>\n<h5>Tipos de cookies que usamos<\/h5>\n<div class=\"cky-audit-table-element\"><\/div>\n<p>&nbsp;<\/p>\n<h5 style=\"margin-bottom: 20px;\">Gerenciar as prefer\u00eancias dos cookies<\/h5>\n<p><a class=\"cky-banner-element\">Configura\u00e7\u00f5es de cookies<\/a><\/p>\n<div>\n<p>Voc\u00ea pode alterar suas prefer\u00eancias de cookies a qualquer momento clicando no bot\u00e3o acima. Isto permitir\u00e1 que voc\u00ea revisite o banner de consentimento do cookie e altere suas prefer\u00eancias ou retire seu consentimento imediatamente.<\/p>\n<p>Al\u00e9m disso, diferentes navegadores oferecem diferentes m\u00e9todos de bloqueio e elimina\u00e7\u00e3o de cookies utilizados pelos sites. Voc\u00ea pode alterar as configura\u00e7\u00f5es de seu navegador para bloquear ou excluir cookies. Abaixo est\u00e3o links para documentos de apoio sobre como gerenciar e excluir cookies dos principais navegadores da web.<\/p>\n<p>Chrome: <a href=\"https:\/\/support.google.com\/accounts\/answer\/32050\" target=\"_blank\" rel=\"noopener\">https:\/\/support.google.com\/accounts\/answer\/32050<\/a><\/p>\n<p>Safari: <a href=\"https:\/\/support.apple.com\/en-in\/guide\/safari\/sfri11471\/mac\" target=\"_blank\" rel=\"noopener\">https:\/\/support.apple.com\/en-in\/guide\/safari\/sfri11471\/mac<\/a><\/p>\n<p>Firefox: <a href=\"https:\/\/support.mozilla.org\/en-US\/kb\/clear-cookies-and-site-data-firefox?redirectslug=delete-cookies-remove-info-websites-stored&amp;redirectlocale=en-US\" target=\"_blank\" rel=\"noopener\">https:\/\/support.mozilla.org\/en-US\/kb\/clear-cookies-and-site-data-firefox?redirectslug=delete-cookies-remove-info-websites-stored&amp;redirectlocale=en-US<\/a><\/p>\n<p>Internet Explorer: <a href=\"https:\/\/support.microsoft.com\/en-us\/topic\/how-to-delete-cookie-files-in-internet-explorer-bca9446f-d873-78de-77ba-d42645fa52fc\" target=\"_blank\" rel=\"noopener\">https:\/\/support.microsoft.com\/en-us\/topic\/how-to-delete-cookie-files-in-internet-explorer-bca9446f-d873-78de-77ba-d42645fa52fc<\/a><\/p>\n<p>Se voc\u00ea usar qualquer outro navegador, consulte a documenta\u00e7\u00e3o oficial de seu navegador.<\/p>\n<\/div>\n","protected":false},"excerpt":{"rendered":"<p>Pol\u00edtica de Cookies &nbsp; O que s\u00e3o cookies? Esta Pol\u00edtica de Cookies explica o que s\u00e3o cookies e como os usamos, os tipos de cookies que usamos, ou seja, as informa\u00e7\u00f5es que coletamos usando cookies e como essas informa\u00e7\u00f5es s\u00e3o usadas, e como gerenciar suas configura\u00e7\u00f5es de cookies. Cookies s\u00e3o pequenos arquivos de texto que&hellip;<\/p>\n","protected":false},"author":2,"featured_media":0,"parent":0,"menu_order":0,"comment_status":"closed","ping_status":"closed","template":"elementor_theme","meta":{"footnotes":""},"class_list":["post-12636","page","type-page","status-publish","hentry"],"_links":{"self":[{"href":"https:\/\/gsb.lat\/pt\/wp-json\/wp\/v2\/pages\/12636","targetHints":{"allow":["GET"]}}],"collection":[{"href":"https:\/\/gsb.lat\/pt\/wp-json\/wp\/v2\/pages"}],"about":[{"href":"https:\/\/gsb.lat\/pt\/wp-json\/wp\/v2\/types\/page"}],"author":[{"embeddable":true,"href":"https:\/\/gsb.lat\/pt\/wp-json\/wp\/v2\/users\/2"}],"replies":[{"embeddable":true,"href":"https:\/\/gsb.lat\/pt\/wp-json\/wp\/v2\/comments?post=12636"}],"version-history":[{"count":0,"href":"https:\/\/gsb.lat\/pt\/wp-json\/wp\/v2\/pages\/12636\/revisions"}],"wp:attachment":[{"href":"https:\/\/gsb.lat\/pt\/wp-json\/wp\/v2\/media?parent=12636"}],"curies":[{"name":"wp","href":"https:\/\/api.w.org\/{rel}","templated":true}]}}