{"id":15306,"date":"2024-06-19T08:15:47","date_gmt":"2024-06-19T14:15:47","guid":{"rendered":"https:\/\/gsb.lat\/?page_id=15306"},"modified":"2025-09-18T12:13:59","modified_gmt":"2025-09-18T18:13:59","slug":"aviso-de-privacidade","status":"publish","type":"page","link":"https:\/\/gsb.lat\/pt\/aviso-de-privacidade\/","title":{"rendered":"Aviso de privacidade"},"content":{"rendered":"\t\t<div data-elementor-type=\"wp-page\" data-elementor-id=\"15306\" class=\"elementor elementor-15306 elementor-15304\" data-elementor-post-type=\"page\">\n\t\t\t\t\t\t<section class=\"elementor-section elementor-top-section elementor-element elementor-element-29832a8 elementor-section-height-min-height elementor-section-boxed elementor-section-height-default elementor-section-items-middle\" data-id=\"29832a8\" data-element_type=\"section\" data-settings=\"{&quot;background_background&quot;:&quot;classic&quot;}\">\n\t\t\t\t\t\t\t<div class=\"elementor-background-overlay\"><\/div>\n\t\t\t\t\t\t\t<div class=\"elementor-container elementor-column-gap-default\">\n\t\t\t\t\t<div class=\"elementor-column elementor-col-100 elementor-top-column elementor-element elementor-element-17106ff\" data-id=\"17106ff\" data-element_type=\"column\">\n\t\t\t<div class=\"elementor-widget-wrap elementor-element-populated\">\n\t\t\t\t\t\t\t<\/div>\n\t\t<\/div>\n\t\t\t\t\t<\/div>\n\t\t<\/section>\n\t\t\t\t<section class=\"elementor-section elementor-top-section elementor-element elementor-element-71a7ae7b elementor-section-boxed elementor-section-height-default elementor-section-height-default\" data-id=\"71a7ae7b\" data-element_type=\"section\">\n\t\t\t\t\t\t<div class=\"elementor-container elementor-column-gap-default\">\n\t\t\t\t\t<div class=\"elementor-column elementor-col-100 elementor-top-column elementor-element elementor-element-685717c2\" data-id=\"685717c2\" data-element_type=\"column\">\n\t\t\t<div class=\"elementor-widget-wrap elementor-element-populated\">\n\t\t\t\t\t\t<div class=\"elementor-element elementor-element-234d5963 elementor-widget elementor-widget-text-editor\" data-id=\"234d5963\" data-element_type=\"widget\" data-widget_type=\"text-editor.default\">\n\t\t\t\t<div class=\"elementor-widget-container\">\n\t\t\t\t\t\t\t\t\t<p style=\"text-align: justify;\"><span lang=\"ES-MX\" style=\"font-family: 'Segoe UI',sans-serif;\">A GSB Solutions e suas subsidi\u00e1rias em outros pa\u00edses s\u00e3o respons\u00e1veis pelo processamento de dados pessoais, sendo que a matriz est\u00e1 localizada na Av. Baja California # 245-1101, Colonia Hip\u00f3dromo Condesa, Alcald\u00eda Cuauht\u00e9moc, C\u00f3digo Postal 06170 en CDMX, M\u00e9xico.<\/span><\/p><p style=\"text-align: justify;\"><span lang=\"ES-MX\" style=\"font-family: 'Segoe UI',sans-serif;\">Os dados pessoais ser\u00e3o processados de acordo com as finalidades estabelecidas neste aviso de privacidade, respeitando sempre as disposi\u00e7\u00f5es legais aplic\u00e1veis. Para obter mais informa\u00e7\u00f5es sobre o processamento de seus dados pessoais, entre em contato conosco pelo <\/span><span lang=\"ES-MX\"><a href=\"mailto:contacto@gsb.lat\"><span style=\"font-family: 'Segoe UI',sans-serif;\">contacto@gsb.lat<\/span><\/a>.<\/span><\/p><p style=\"text-align: justify;\"><b style=\"background-color: rgba(255, 255, 255, 0); color: var(--the7-base-color); letter-spacing: var(--the7-base-letter-spacing); text-transform: var(--the7-base-text-transform); word-spacing: normal;\"><span lang=\"es-419\" style=\"font-family: 'Segoe UI',sans-serif; mso-ansi-language: #580A;\">Objetivos do processamento de dados,<\/span><\/b><span lang=\"es-419\" style=\"background-color: rgba(255, 255, 255, 0); color: var(--the7-base-color); letter-spacing: var(--the7-base-letter-spacing); text-transform: var(--the7-base-text-transform); word-spacing: normal; font-family: 'Segoe UI', sans-serif;\"> <span data-olk-copy-source=\"MessageBody\">Seus dados pessoais n\u00e3o ser\u00e3o compartilhados sem sua autoriza\u00e7\u00e3o por escrito e s\u00f3 poder\u00e3o ser compartilhados, se necess\u00e1rio, com clientes ou funcion\u00e1rios internos envolvidos em projetos com voc\u00ea.<\/span><\/span><\/p><p style=\"text-align: justify;\"><b><span lang=\"es-419\" style=\"font-family: 'Segoe UI',sans-serif; mso-ansi-language: #580A;\">Dados pessoais que coletamos,<\/span><\/b><span lang=\"es-419\" style=\"font-family: 'Segoe UI',sans-serif; mso-ansi-language: #580A;\"> Para realizar as finalidades descritas neste aviso de privacidade, coletamos os seguintes dados pessoais:<\/span><\/p><ul><li><span style=\"font-family: 'Segoe UI', sans-serif; text-align: justify; background-color: rgba(255, 255, 255, 0); color: var(--the7-base-color); letter-spacing: var(--the7-base-letter-spacing); text-transform: var(--the7-base-text-transform); word-spacing: normal;\">Nome completo<\/span><\/li><li><span style=\"font-family: 'Segoe UI', sans-serif; text-align: justify; background-color: rgba(255, 255, 255, 0); color: var(--the7-base-color); letter-spacing: var(--the7-base-letter-spacing); text-transform: var(--the7-base-text-transform); word-spacing: normal;\">Endere\u00e7o<\/span><\/li><li>N\u00famero de telefone celular<\/li><li><span style=\"font-family: 'Segoe UI', sans-serif; text-align: justify; background-color: rgba(255, 255, 255, 0); color: var(--the7-base-color); letter-spacing: var(--the7-base-letter-spacing); text-transform: var(--the7-base-text-transform); word-spacing: normal;\">N\u00famero de telefone<\/span><\/li><li><span style=\"font-family: 'Segoe UI', sans-serif; text-align: justify; background-color: rgba(255, 255, 255, 0); color: var(--the7-base-color); letter-spacing: var(--the7-base-letter-spacing); text-transform: var(--the7-base-text-transform); word-spacing: normal;\">Endere\u00e7o de e-mail<\/span><\/li><\/ul><p style=\"text-align: justify;\"><b><span lang=\"es-419\" style=\"font-family: 'Segoe UI',sans-serif; mso-ansi-language: #580A;\">Compartilhamento de dados pessoais, <\/span><\/b><span lang=\"ES-MX\" data-ogsc=\"rgb(23, 50, 89)\" data-olk-copy-source=\"MessageBody\">Seus dados pessoais n\u00e3o ser\u00e3o compartilhados sem sua autoriza\u00e7\u00e3o por escrito e s\u00f3 poder\u00e3o ser compartilhados, se necess\u00e1rio, com clientes ou funcion\u00e1rios internos envolvidos em projetos com voc\u00ea.<\/span><\/p><p style=\"text-align: justify;\"><b><span lang=\"es-419\" style=\"font-family: 'Segoe UI',sans-serif; mso-ansi-language: #580A;\">Direitos de prote\u00e7\u00e3o de dados,<\/span><\/b><span lang=\"es-419\" style=\"font-family: 'Segoe UI',sans-serif; mso-ansi-language: #580A;\"> Voc\u00ea tem direitos de prote\u00e7\u00e3o de dados que podem variar de acordo com a legisla\u00e7\u00e3o de cada pa\u00eds, incluindo, entre outros:<\/span><\/p><ul style=\"margin-top: 0cm;\" type=\"disc\"><li style=\"margin-bottom: 0cm; text-align: justify; mso-list: l2 level1 lfo4; tab-stops: list 36.0pt;\"><span lang=\"es-419\" style=\"font-family: 'Segoe UI',sans-serif; mso-ansi-language: #580A;\">Direito de acesso: voc\u00ea pode solicitar informa\u00e7\u00f5es sobre os dados pessoais que mantemos sobre voc\u00ea.<\/span><\/li><li style=\"margin-bottom: 0cm; text-align: justify; mso-list: l2 level1 lfo4; tab-stops: list 36.0pt;\"><span lang=\"es-419\" style=\"font-family: 'Segoe UI',sans-serif; mso-ansi-language: #580A;\">Direito de retifica\u00e7\u00e3o: voc\u00ea pode solicitar a corre\u00e7\u00e3o de dados pessoais imprecisos ou incompletos.<\/span><\/li><li style=\"margin-bottom: 0cm; text-align: justify; mso-list: l2 level1 lfo4; tab-stops: list 36.0pt;\"><span lang=\"es-419\" style=\"font-family: 'Segoe UI',sans-serif; mso-ansi-language: #580A;\">Direito de cancelamento: voc\u00ea pode solicitar a exclus\u00e3o de seus dados pessoais quando eles n\u00e3o forem mais necess\u00e1rios para os fins para os quais foram coletados.<\/span><\/li><li style=\"margin-bottom: 0cm; text-align: justify; mso-list: l2 level1 lfo4; tab-stops: list 36.0pt;\"><span lang=\"es-419\" style=\"font-family: 'Segoe UI',sans-serif; mso-ansi-language: #580A;\">Direito de obje\u00e7\u00e3o: voc\u00ea pode se opor ao processamento de seus dados pessoais em determinadas circunst\u00e2ncias.<\/span><\/li><\/ul><p style=\"text-align: justify;\"><b><span lang=\"es-419\" style=\"font-family: 'Segoe UI',sans-serif; mso-ansi-language: #580A;\">Exerc\u00edcio de direitos,\u00a0<\/span><\/b><span lang=\"es-419\" style=\"font-family: 'Segoe UI',sans-serif; mso-ansi-language: #580A;\">para exercer qualquer um desses direitos ou para obter mais informa\u00e7\u00f5es sobre como lidamos com seus dados pessoais, pode<br \/>entrar em contato conosco por e-mail pelo <\/span><span lang=\"ES-MX\"><a href=\"mailto:contacto@gsb.lat\"><span lang=\"es-419\" style=\"font-family: 'Segoe UI',sans-serif; mso-ansi-language: #580A;\">contacto@gsb.lat<\/span><\/a><\/span><span lang=\"es-419\" style=\"font-family: 'Segoe UI',sans-serif; mso-ansi-language: #580A;\">. Comprometemo-nos a responder \u00e0 sua solicita\u00e7\u00e3o dentro de um per\u00edodo de tempo razo\u00e1vel e de acordo com as leis aplic\u00e1veis.<\/span><\/p><p style=\"text-align: justify;\"><b><span lang=\"es-419\" style=\"font-family: 'Segoe UI',sans-serif; mso-ansi-language: #580A;\">Altera\u00e7\u00f5es no Aviso de Privacidade,<\/span><\/b><span lang=\"es-419\" style=\"font-family: 'Segoe UI',sans-serif; mso-ansi-language: #580A;\"> este aviso de privacidade pode ser modificado de tempos em tempos devido a altera\u00e7\u00f5es em nosso modelo de neg\u00f3cios ou outras causas. Qualquer modifica\u00e7\u00e3o ser\u00e1 comunicada por meio do endere\u00e7o de e-mail fornecido por voc\u00ea.<\/span><\/p><p style=\"text-align: justify;\"><strong>Contato<\/strong>, para quaisquer perguntas ou coment\u00e1rios sobre o processamento de seus dados pessoais, voc\u00ea pode entrar em contato conosco por meio de:<\/p><ul style=\"margin-top: 0cm;\" type=\"disc\"><li><span style=\"font-family: 'Segoe UI', sans-serif; background-color: rgba(255, 255, 255, 0); color: var(--the7-base-color); letter-spacing: var(--the7-base-letter-spacing); text-transform: var(--the7-base-text-transform); word-spacing: normal;\">Departamento Jur\u00eddico, GSB Solutions<\/span><\/li><li style=\"margin-bottom: 0cm; text-align: justify; mso-list: l0 level1 lfo5; tab-stops: list 36.0pt;\"><span lang=\"es-419\" style=\"font-family: 'Segoe UI',sans-serif; mso-ansi-language: #580A;\">Av. Baja California # 245 piso 11, Colonia<br \/>Hip\u00f3dromo Condesa, Alcald\u00eda de Cuauht\u00e9moc, C.P. 06170, Ciudad de M\u00e9xico,<br \/>M\u00e9xico<\/span><\/li><li style=\"margin-bottom: 0cm; text-align: justify; mso-list: l0 level1 lfo5; tab-stops: list 36.0pt;\"><span lang=\"es-419\" style=\"font-family: 'Segoe UI',sans-serif; mso-ansi-language: #580A;\">Telefone:\u00a0<\/span><a href=\"tel:+525594629909\" target=\"_blank\" rel=\"noopener\">+52 55 9462 9909<\/a><\/li><li style=\"margin-bottom: 0cm; text-align: justify; mso-list: l0 level1 lfo5; tab-stops: list 36.0pt;\"><span lang=\"es-419\" style=\"font-family: 'Segoe UI',sans-serif; mso-ansi-language: #580A;\">Endere\u00e7o de e-mail: <\/span><span lang=\"ES-MX\"><a href=\"mailto:contacto@gsb.lat\"><span lang=\"es-419\" style=\"font-family: 'Segoe UI',sans-serif; mso-ansi-language: #580A;\">contacto@gsb.lat<\/span><\/a><\/span><\/li><\/ul><p style=\"text-align: right;\">\u00daltima atualiza\u00e7\u00e3o<br \/>19\/06\/2024<\/p>\t\t\t\t\t\t\t\t<\/div>\n\t\t\t\t<\/div>\n\t\t\t\t\t<\/div>\n\t\t<\/div>\n\t\t\t\t\t<\/div>\n\t\t<\/section>\n\t\t\t\t<\/div>\n\t\t","protected":false},"excerpt":{"rendered":"<p>A GSB Solutions e suas subsidi\u00e1rias em outros pa\u00edses s\u00e3o respons\u00e1veis pelo processamento de dados pessoais, sendo que a matriz est\u00e1 localizada na Av. Baja California # 245-1101, Colonia Hip\u00f3dromo Condesa, Alcald\u00eda Cuauht\u00e9moc, C\u00f3digo Postal 06170 en CDMX, M\u00e9xico. Os dados pessoais ser\u00e3o processados de acordo com as finalidades estabelecidas neste aviso de privacidade, respeitando&hellip;<\/p>\n","protected":false},"author":2,"featured_media":0,"parent":0,"menu_order":0,"comment_status":"closed","ping_status":"closed","template":"","meta":{"footnotes":""},"class_list":["post-15306","page","type-page","status-publish","hentry"],"_links":{"self":[{"href":"https:\/\/gsb.lat\/pt\/wp-json\/wp\/v2\/pages\/15306","targetHints":{"allow":["GET"]}}],"collection":[{"href":"https:\/\/gsb.lat\/pt\/wp-json\/wp\/v2\/pages"}],"about":[{"href":"https:\/\/gsb.lat\/pt\/wp-json\/wp\/v2\/types\/page"}],"author":[{"embeddable":true,"href":"https:\/\/gsb.lat\/pt\/wp-json\/wp\/v2\/users\/2"}],"replies":[{"embeddable":true,"href":"https:\/\/gsb.lat\/pt\/wp-json\/wp\/v2\/comments?post=15306"}],"version-history":[{"count":29,"href":"https:\/\/gsb.lat\/pt\/wp-json\/wp\/v2\/pages\/15306\/revisions"}],"predecessor-version":[{"id":17953,"href":"https:\/\/gsb.lat\/pt\/wp-json\/wp\/v2\/pages\/15306\/revisions\/17953"}],"wp:attachment":[{"href":"https:\/\/gsb.lat\/pt\/wp-json\/wp\/v2\/media?parent=15306"}],"curies":[{"name":"wp","href":"https:\/\/api.w.org\/{rel}","templated":true}]}}